{"id":53,"date":"2013-10-17T17:55:51","date_gmt":"2013-10-17T22:55:51","guid":{"rendered":"http:\/\/atmedios.com\/pantallaaccesible\/?page_id=53"},"modified":"2013-10-18T11:32:06","modified_gmt":"2013-10-18T16:32:06","slug":"acerca-de-atmedios","status":"publish","type":"page","link":"https:\/\/atmedios.com\/pantallaaccesible\/acerca-de-atmedios\/","title":{"rendered":"Acerca de ATmedios"},"content":{"rendered":"<div id=\"attachment_55\" style=\"width: 220px\" class=\"wp-caption alignnone\"><a href=\"http:\/\/atmedios.com\/pantallaaccesible\/wp-content\/uploads\/2013\/10\/Perfil-facebook-copia.jpg\"><img aria-describedby=\"caption-attachment-55\" decoding=\"async\" loading=\"lazy\" class=\" wp-image-55 \" title=\"Logo ATmedios marca de agua\" alt=\"Logo ATmedios\" src=\"http:\/\/atmedios.com\/pantallaaccesible\/wp-content\/uploads\/2013\/10\/Perfil-facebook-copia-300x300.jpg\" width=\"210\" height=\"210\" srcset=\"https:\/\/atmedios.com\/pantallaaccesible\/wp-content\/uploads\/2013\/10\/Perfil-facebook-copia-300x300.jpg 300w, https:\/\/atmedios.com\/pantallaaccesible\/wp-content\/uploads\/2013\/10\/Perfil-facebook-copia-150x150.jpg 150w, https:\/\/atmedios.com\/pantallaaccesible\/wp-content\/uploads\/2013\/10\/Perfil-facebook-copia.jpg 492w\" sizes=\"(max-width: 210px) 100vw, 210px\" \/><\/a><p id=\"caption-attachment-55\" class=\"wp-caption-text\">Logo ATmedios<\/p><\/div>\n<p style=\"text-align: justify;\">ATmedios, localizada en Bogot\u00e1 (Colombia), fue fundada en el a\u00f1o 2002 (bajo el nombre Closed Caption Latina) con el deseo de brindar accesibilidad a los medios audiovisuales a personas sordas, prestando el servicio de <em>closed caption<\/em> a los principales canales de televisi\u00f3n del pa\u00eds.<\/p>\n<p style=\"text-align: justify;\">Fuimos ampliando nuestro portafolio de servicios en los siguientes a\u00f1os, especializ\u00e1ndonos en audiodescripci\u00f3n para personas ciegas y adquiriendo nuevas t\u00e9cnicas en la realizaci\u00f3n de <em>closed caption\u00a0<\/em>con m\u00e9todos como la estenotipia computarizada, lo que nos permiti\u00f3 llevar nuestras soluciones a otros pa\u00edses, e incrementar nuestra experiencia en el medio.<\/p>\n<p style=\"text-align: justify;\">Entre los a\u00f1os 2007 y 2008 incursionamos en servicios\u00a0de doblaje y subtitulado, y para el a\u00f1o 2011 incluimos tambi\u00e9n traducciones profesionales, interpretaci\u00f3n simult\u00e1nea y transcripci\u00f3n en vivo para eventos.<\/p>\n<p style=\"text-align: justify;\">Con el concepto de accesibilidad y tecnolog\u00eda en mente buscamos un nuevo nombre que reuniera todo lo que ven\u00edamos haciendo, y fue as\u00ed como adoptamos el nombre ATmedios para nuestra empresa, en el a\u00f1o 2011.<\/p>\n<p>Hoy continuamos enfocado nuestros esfuerzos en soluciones que permitan a todas las personas la posibilidad de tener igual acceso a la informaci\u00f3n, el entretenimiento y la cultura, beneficiando a personas con discapacidades auditivas y\/o visuales, personas hablantes de otros idiomas y al p\u00fablico en general.<\/p>\n<p>&nbsp;<\/p>\n","protected":false},"excerpt":{"rendered":"<p>ATmedios, localizada en Bogot\u00e1 (Colombia), fue fundada en el a\u00f1o 2002 (bajo el nombre Closed Caption Latina) con el deseo de brindar accesibilidad a los medios audiovisuales a personas sordas, prestando el servicio de closed caption a los principales canales de televisi\u00f3n del pa\u00eds. Fuimos ampliando nuestro portafolio de servicios en los siguientes a\u00f1os, especializ\u00e1ndonos [&hellip;]<\/p>\n","protected":false},"author":1,"featured_media":0,"parent":0,"menu_order":0,"comment_status":"open","ping_status":"open","template":"","meta":{"footnotes":""},"_links":{"self":[{"href":"https:\/\/atmedios.com\/pantallaaccesible\/wp-json\/wp\/v2\/pages\/53"}],"collection":[{"href":"https:\/\/atmedios.com\/pantallaaccesible\/wp-json\/wp\/v2\/pages"}],"about":[{"href":"https:\/\/atmedios.com\/pantallaaccesible\/wp-json\/wp\/v2\/types\/page"}],"author":[{"embeddable":true,"href":"https:\/\/atmedios.com\/pantallaaccesible\/wp-json\/wp\/v2\/users\/1"}],"replies":[{"embeddable":true,"href":"https:\/\/atmedios.com\/pantallaaccesible\/wp-json\/wp\/v2\/comments?post=53"}],"version-history":[{"count":5,"href":"https:\/\/atmedios.com\/pantallaaccesible\/wp-json\/wp\/v2\/pages\/53\/revisions"}],"predecessor-version":[{"id":61,"href":"https:\/\/atmedios.com\/pantallaaccesible\/wp-json\/wp\/v2\/pages\/53\/revisions\/61"}],"wp:attachment":[{"href":"https:\/\/atmedios.com\/pantallaaccesible\/wp-json\/wp\/v2\/media?parent=53"}],"curies":[{"name":"wp","href":"https:\/\/api.w.org\/{rel}","templated":true}]}}